{"id":907,"date":"2026-03-11T13:49:49","date_gmt":"2026-03-11T12:49:49","guid":{"rendered":"https:\/\/www.utopiques.com\/?page_id=907"},"modified":"2026-04-25T18:39:42","modified_gmt":"2026-04-25T16:39:42","slug":"julie-daubigny","status":"publish","type":"page","link":"https:\/\/www.utopiques.com\/index.php\/julie-daubigny\/","title":{"rendered":"Julie d&rsquo;Aubigny"},"content":{"rendered":"\n<p>En production<br>Solo tout terrain<\/p>\n\n\n\n<p><br>Sur un texte original de Juli Allard Schaefer<em><br><\/em>au plateau Juli Allard Schaefer<br>Mise en sc\u00e8ne Lydie Gavard<\/p>\n\n\n\n<p>collaboration artistique<br>Jeanne Henry, Ga\u00ebl Dubreuil<\/p>\n\n\n\n<p>Regards ext\u00e9rieurs<br>Mario Gonzalez et Sandrine Gelin<\/p>\n\n\n\n<p>Spectacle cr\u00e9\u00e9 autour de la figure de Madame de Maupin, bretteuse et chanteuse d\u2019op\u00e9ra du 17e si\u00e8cle, figure oubli\u00e9e des livres d\u2019histoire qui a su marquer son temps en d\u00e9fiant les r\u00e8gles de au nom de la libert\u00e9, l\u2019amour et l\u2019\u00e9quit\u00e9.<\/p>\n\n\n\n<div class=\"wp-block-buttons is-content-justification-center is-layout-flex wp-container-core-buttons-is-layout-a89b3969 wp-block-buttons-is-layout-flex\">\n<div class=\"wp-block-button\"><a class=\"wp-block-button__link has-background wp-element-button\" href=\"https:\/\/www.utopiques.com\/wp-content\/uploads\/2026\/04\/Julie-dAubigny-dossier-artistique.pdf\" style=\"border-style:none;border-width:0px;border-radius:53px;background-color:#aacdcf\">Dossier artistique<\/a><\/div>\n<\/div>\n\n\n\n<figure class=\"wp-block-image aligncenter size-large\"><img loading=\"lazy\" decoding=\"async\" width=\"585\" height=\"1024\" src=\"https:\/\/www.utopiques.com\/wp-content\/uploads\/2026\/03\/Julie-dAubigny-pre-affiche-1-585x1024.jpg\" alt=\"\" class=\"wp-image-908\" srcset=\"https:\/\/www.utopiques.com\/wp-content\/uploads\/2026\/03\/Julie-dAubigny-pre-affiche-1-585x1024.jpg 585w, https:\/\/www.utopiques.com\/wp-content\/uploads\/2026\/03\/Julie-dAubigny-pre-affiche-1-171x300.jpg 171w, https:\/\/www.utopiques.com\/wp-content\/uploads\/2026\/03\/Julie-dAubigny-pre-affiche-1-768x1344.jpg 768w, https:\/\/www.utopiques.com\/wp-content\/uploads\/2026\/03\/Julie-dAubigny-pre-affiche-1-878x1536.jpg 878w, https:\/\/www.utopiques.com\/wp-content\/uploads\/2026\/03\/Julie-dAubigny-pre-affiche-1-1170x2048.jpg 1170w, https:\/\/www.utopiques.com\/wp-content\/uploads\/2026\/03\/Julie-dAubigny-pre-affiche-1-scaled.jpg 1463w\" sizes=\"auto, (max-width: 585px) 100vw, 585px\" \/><\/figure>\n","protected":false},"excerpt":{"rendered":"<p>En productionSolo tout terrain Sur un texte original de Juli Allard Schaeferau plateau Juli Allard SchaeferMise en sc\u00e8ne Lydie Gavard collaboration artistiqueJeanne Henry, Ga\u00ebl Dubreuil Regards ext\u00e9rieursMario Gonzalez et Sandrine Gelin Spectacle cr\u00e9\u00e9 autour de la figure de Madame de Maupin, bretteuse et chanteuse d\u2019op\u00e9ra du 17e si\u00e8cle, figure oubli\u00e9e des livres d\u2019histoire qui a [&hellip;]<\/p>\n","protected":false},"author":1,"featured_media":0,"parent":0,"menu_order":0,"comment_status":"closed","ping_status":"closed","template":"","meta":{"footnotes":""},"class_list":["post-907","page","type-page","status-publish","hentry"],"_links":{"self":[{"href":"https:\/\/www.utopiques.com\/index.php\/wp-json\/wp\/v2\/pages\/907","targetHints":{"allow":["GET"]}}],"collection":[{"href":"https:\/\/www.utopiques.com\/index.php\/wp-json\/wp\/v2\/pages"}],"about":[{"href":"https:\/\/www.utopiques.com\/index.php\/wp-json\/wp\/v2\/types\/page"}],"author":[{"embeddable":true,"href":"https:\/\/www.utopiques.com\/index.php\/wp-json\/wp\/v2\/users\/1"}],"replies":[{"embeddable":true,"href":"https:\/\/www.utopiques.com\/index.php\/wp-json\/wp\/v2\/comments?post=907"}],"version-history":[{"count":5,"href":"https:\/\/www.utopiques.com\/index.php\/wp-json\/wp\/v2\/pages\/907\/revisions"}],"predecessor-version":[{"id":947,"href":"https:\/\/www.utopiques.com\/index.php\/wp-json\/wp\/v2\/pages\/907\/revisions\/947"}],"wp:attachment":[{"href":"https:\/\/www.utopiques.com\/index.php\/wp-json\/wp\/v2\/media?parent=907"}],"curies":[{"name":"wp","href":"https:\/\/api.w.org\/{rel}","templated":true}]}}